{"id":765,"date":"2017-03-27T15:28:07","date_gmt":"2017-03-27T13:28:07","guid":{"rendered":"https:\/\/pl.wordpress.org\/?page_id=765"},"modified":"2019-10-22T17:55:25","modified_gmt":"2019-10-22T15:55:25","slug":"kontakt","status":"publish","type":"page","link":"https:\/\/pl.wordpress.org\/kontakt\/","title":{"rendered":"Kontakt"},"content":{"rendered":"\n<div style=\"background-color: #fdd;border: 1px solid #faa;padding: 1rem;margin: 2rem 0\">\n<p><strong>PRZECZYTAJ, ZANIM WY\u015aLESZ WIADOMO\u015a\u0106!<\/strong><\/p>\n<p>Ten formularz s\u0142u\u017cy do kontaktu z <strong>t\u0142umaczami WordPressa<\/strong> (oprogramowania do tworzenia stron WWW) na polski. Osoby te nie zajmuj\u0105 si\u0119 udzielaniem pomocy technicznej ani nie odpowiadaj\u0105 za tre\u015b\u0107 stron stworzonych przy pomocy WordPressa. Je\u015bli potrzebujesz pomocy z kt\u00f3r\u0105\u015b z tych rzeczy, u\u017cyj jednego z poni\u017cszych odno\u015bnik\u00f3w.<\/p>\n<\/div>\n\n\n\n<ul class=\"wp-block-list\"><li>Potrzebujesz pomocy? <a href=\"https:\/\/pl.forums.wordpress.org\/\">Zadaj swoje pytanie na forum dyskusyjnym<\/a>.<\/li><li>Masz problem ze swoim blogiem na WordPress.com (a nie <em>.<\/em>org)?\u00a0<a href=\"http:\/\/en.support.wordpress.com\/contact\/\">Napisz do pomocy technicznej serwisu WordPress.com (po angielsku)<\/a>.<\/li><li>Masz zastrze\u017cenia co do tre\u015bci strony zbudowanej przy pomocy WordPressa? Skontaktuj si\u0119 z jej administratorem (ten fomularz do tego nie s\u0142u\u017cy).<\/li><\/ul>\n\n\n\n<h3 class=\"wp-block-heading\">Formularz do kontaktu z t\u0142umaczami<\/h3>\n\n\n<div data-test='contact-form'\n\t\t\tid='contact-form-765'\n\t\t\tclass='wp-block-jetpack-contact-form-container '\n\t\t\tdata-wp-interactive='jetpack\/form' data-wp-context='{\"formId\":\"765\",\"formHash\":\"2946d74c62e1a7953116b32f08d36b72805011a6\",\"showErrors\":false,\"errors\":[],\"fields\":[],\"isMultiStep\":false,\"useAjax\":true,\"submissionData\":null,\"formattedSubmissionData\":[],\"submissionSuccess\":false,\"submissionError\":null,\"elementId\":\"jp-form-2946d74c62e1a7953116b32f08d36b72805011a6\",\"isSingleInputForm\":false}'\n\t\t\tdata-wp-watch--scroll-to-wrapper=\"callbacks.scrollToWrapper\"\n\t\t>\n<div class=\"contact-form-submission contact-form-ajax-submission\" data-wp-bind--aria-hidden=\"state.isSuccessMessageAriaHidden\" data-wp-class--submission-success=\"context.submissionSuccess\" id=\"contact-form-success-2946d74c62e1a7953116b32f08d36b72805011a6\" tabindex=\"-1\" aria-labelledby=\"contact-form-success-header-2946d74c62e1a7953116b32f08d36b72805011a6\"><p class=\"go-back-message\"><a class=\"link\" role=\"button\" tabindex=\"0\" data-wp-on--click=\"actions.goBack\" href=\"\/wp-json\/wp\/v2\/pages\/765\"><span aria-hidden=\"true\" class=\"wp-exclude-emoji\">\u2190<\/span> Back<\/a><\/p><h4 data-wp-bind--aria-hidden=\"state.isSuccessMessageAriaHidden\" id=\"contact-form-success-header-2946d74c62e1a7953116b32f08d36b72805011a6\">Twoja wiadomo\u015b\u0107 zosta\u0142a wys\u0142ana<\/h4>\n\n<template data-wp-each--submission=\"context.formattedSubmissionData\">\n\t\t\t\t\t<div class=\"jetpack_forms_contact-form-success-summary\">\n\t\t\t\t\t\t<div class=\"field-name\" data-wp-text=\"context.submission.label\" data-wp-bind--hidden=\"!context.submission.label\"><\/div>\n\t\t\t\t\t\t<div class=\"field-value\" data-wp-text=\"context.submission.value\" data-wp-bind--hidden=\"!context.submission.showPlainValue\"><\/div>\n\t\t\t\t\t\t<a class=\"field-url\" data-wp-bind--href=\"context.submission.url\" data-wp-text=\"context.submission.value\" data-wp-bind--hidden=\"!context.submission.url\" target=\"_blank\" rel=\"noopener noreferrer\"><\/a>\n\t\t\t\t\t\t<div class=\"field-rating\" data-wp-bind--hidden=\"!context.submission.rating\" data-wp-watch=\"callbacks.watchRatingIcons\"><\/div>\n\t\t\t\t\t\t<div class=\"field-images\" data-wp-bind--hidden=\"!context.submission.images\">\n\t\t\t\t\t\t\t<template data-wp-each--image=\"context.submission.images\">\n\t\t\t\t\t\t\t\t<div class=\"field-image-option\" data-wp-class--is-empty=\"!context.image.src\">\n\t\t\t\t\t\t\t\t\t<figure class=\"field-image-option__image\" data-wp-class--is-empty=\"!context.image.src\">\n\t\t\t\t\t\t\t\t\t\t<img data-wp-bind--src=\"context.image.src\" data-wp-bind--hidden=\"!context.image.src\" \/>\n\t\t\t\t\t\t\t\t\t\t<img decoding=\"async\" src=\"data:image\/gif;base64,R0lGODlhAQABAAD\/ACwAAAAAAQABAAACADs=\" data-wp-bind--hidden=\"context.image.src\" \/>\n\t\t\t\t\t\t\t\t\t<\/figure>\n\t\t\t\t\t\t\t\t\t<div class=\"field-image-option__label-wrapper\">\n\t\t\t\t\t\t\t\t\t\t<span class=\"field-image-option__label-code\" data-wp-text=\"context.image.letterCode\"><\/span>\n\t\t\t\t\t\t\t\t\t\t<span class=\"field-image-option__label\" data-wp-text=\"context.image.label\" data-wp-bind--hidden=\"!context.image.label\"><\/span>\n\t\t\t\t\t\t\t\t\t<\/div>\n\t\t\t\t\t\t\t\t<\/div>\n\t\t\t\t\t\t\t<\/template>\n\t\t\t\t\t\t<\/div>\n\t\t\t\t\t\t<div class=\"field-files\" data-wp-bind--hidden=\"!context.submission.files\">\n\t\t\t\t\t\t\t<template data-wp-each--file=\"context.submission.files\">\n\t\t\t\t\t\t\t\t<div class=\"field-file\">\n\t\t\t\t\t\t\t\t\t<div class=\"field-file__thumbnail\" data-wp-style--background-image=\"context.file.previewUrl\" data-wp-style--mask-image=\"context.file.iconUrl\" data-wp-bind--hidden=\"!context.file.hasPreview\"><\/div>\n\t\t\t\t\t\t\t\t\t<svg class=\"field-file__icon\" data-wp-bind--hidden=\"context.file.hasPreview\" width=\"20\" height=\"20\" viewBox=\"0 0 24 24\" fill=\"none\" xmlns=\"http:\/\/www.w3.org\/2000\/svg\" aria-hidden=\"true\">\n\t\t\t\t\t\t\t\t\t\t<path d=\"M14 2H6C4.9 2 4 2.9 4 4V20C4 21.1 4.89 22 5.99 22H18C19.1 22 20 21.1 20 20V8L14 2ZM18 20H6V4H13V9H18V20Z\" fill=\"currentColor\"\/>\n\t\t\t\t\t\t\t\t\t<\/svg>\n\t\t\t\t\t\t\t\t\t<span class=\"field-file__name\" data-wp-text=\"context.file.name\"><\/span>\n\t\t\t\t\t\t\t\t\t<span class=\"field-file__size\" data-wp-text=\"context.file.size\"><\/span>\n\t\t\t\t\t\t\t\t<\/div>\n\t\t\t\t\t\t\t<\/template>\n\t\t\t\t\t\t<\/div>\n\t\t\t\t\t<\/div>\n\t\t\t\t<\/template><\/div><form action='https:\/\/pl.wordpress.org\/kontakt\/'\n\t\t\t\tid='jp-form-2946d74c62e1a7953116b32f08d36b72805011a6'\n\t\t\t\tmethod='post'\n\t\t\t\tclass='contact-form commentsblock' aria-label=\"Kontakt\"\n\t\t\t\tdata-wp-on--submit=\"actions.onFormSubmit\"\n\t\t\t\tdata-wp-on--reset=\"actions.onFormReset\"\n\t\t\t\tdata-wp-class--submission-success=\"context.submissionSuccess\"\n\t\t\t\tdata-wp-class--is-first-step=\"state.isFirstStep\"\n\t\t\t\tdata-wp-class--is-last-step=\"state.isLastStep\"\n\t\t\t\tdata-wp-class--is-ajax-form=\"context.useAjax\"\n\t\t\t\tnovalidate >\n<input type='hidden' name='jetpack_contact_form_jwt' value='eyJ0eXAiOiJKV1QiLCJhbGciOiJIUzI1NiJ9.eyJlbmNyeXB0ZWRfYXR0cmlidXRlcyI6IjRoOGJNbFU2MGJYQTIwQUlvak8rYUNRb01sYlU4MzlQc3dlWUk4VVBRSDBBcmJJVmRVOFlQUFVEamE3bTBwTURqNDJKVVY5bFlpVHpoLytjYVBsOVk3QmpWUXA5ZE1WU1IwVWpqbUtrOFpxemVyT0duaDhVZlVQbjZHMHJFMVR4NG9IR3VNbGdGSzRscnp2R3VtaldOb3QyK1R6L05nd0t5ZjRNZUR5TVZJR0NDRVZTQjhKTHZ4LzgxaXB2S0h3MkRyVGJwVEI4U3l0QUxyNjdPd2ZUdVdtSVVGUFNHQVRaN2txVk9sZmdlYkx1cXJMTWwxcWQ5SzV6T3F3UjhoMXZSd1c4a21QcWV1dEhMRHM2U0ZpT2NYRTJFR1lXWndzbGh2WmdBYTBQdS85K3IvOW9Ca0ZUSmtMKzJvREtIWllqdC9mekd1czFuRGpYSFVtb2dmRGtHQWVNRGc5OVozWmJUU250cHQ3RUtjcnJJbEgrb0FWU2dqYjArNU9Nd2lWdlVXb2RHZ25vZDdWZklxMTFSY3FuaEVYVWF4eTE3RG5SUmx2VTE1dkZRblBWdjFodWF4a1JMWjdXTTUzcmVrUUc3MEdIa0FQZGk3bEo2R3lNTUZVYmRLR3dEOERSWGd4UzYzRTBQRTRvaTA5KzhCdi9HYnRnVkhna2JXLzlFTWJOcHhaQ1l1OUlXRUdEWm53b0MxSnloZVE0L3ZuM2EwaVFRVEhYSDRpSCtxcExCVEVwM1EzWEZ0b201M0lYdjZXVGJ4NzF0MkFUZ1BlN1lpWCtqaTRXUmR3VG5mK0xYZHhWTnMvemhtTndiVXo0Vm9saWZjL0lUVUNNR2xiRlRZeVdrenJOb1BYV3IwK1R2dGZkYngvZ2cxWnJCbHZJM1hmVjRIamROQUFlWVBtUVU3RXhsdk5WbVZ6OFNyMG9UalRBYll3ekVYSlIxVDJPSkkrV0ZNRVFGSVBSUUFTdmhuVWFzWGk5clZuNEZUVmRNbUo0QXlDRTlZSS9qdmEyUDFKS2JxWGJtNDREbFpiczRmRWxYcnRrOTVkdHE1UkpsRjBVbVY4UllTTWFrYzIyKzJUQ0NiR2swdm1acGl2K2pseDhEUFVJaEY4QUJQZ3RzdWZhUkMrMVRBaWtBYUxMVitGOTAxQmZkcWs0bktTMzRSamk2TWpSaEppZ1dpR3lnbjdjc2dtb1B2blUwc0NJWm9RRkFUcHkiLCJjb250ZW50IjoiW2NvbnRhY3QtZmllbGQgbGFiZWw9J0ltaVx1MDExOSBpIG5hendpc2tvJyB0eXBlPSduYW1lJyByZXF1aXJlZD0nMScvXVtjb250YWN0LWZpZWxkIGxhYmVsPSdBZHJlcyBlLW1haWwnIHR5cGU9J2VtYWlsJyByZXF1aXJlZD0nMScvXVtjb250YWN0LWZpZWxkIGxhYmVsPSdBZHJlcyBzdHJvbnkgV1dXIChvcGNqb25hbG5lKScgdHlwZT0ndXJsJy9dW2NvbnRhY3QtZmllbGQgbGFiZWw9J0tvbWVudGFyeicgdHlwZT0ndGV4dGFyZWEnIHJlcXVpcmVkPScxJy9dIiwiaGFzaCI6IjI5NDZkNzRjNjJlMWE3OTUzMTE2YjMyZjA4ZDM2YjcyODA1MDExYTYiLCJzb3VyY2UiOnsiZW50cnlfdGl0bGUiOiJLb250YWt0IiwiZW50cnlfcGFnZSI6MSwic291cmNlX2lkIjo3NjUsInNvdXJjZV90eXBlIjoic2luZ2xlIiwicmVxdWVzdF91cmwiOiJodHRwczovL3BsLndvcmRwcmVzcy5vcmcvd3AtanNvbi93cC92Mi9wYWdlcy83NjUifSwidmVyc2lvbiI6MiwiY2lwaGVyIjoiYWVzLTI1Ni1nY20ifQ.lOJI_j1yxJ9tjzR-h-n8EfgM_a3Eo6HREtOFXMhKyTs' \/>\n\n<div style=\"\"  data-wp-interactive=\"jetpack\/form\" data-wp-context='{\"fieldId\":\"g765-imiinazwisko\",\"fieldType\":\"name\",\"fieldLabel\":\"Imi\\u0119 i nazwisko\",\"fieldValue\":\"\",\"fieldPlaceholder\":\"\",\"fieldIsRequired\":\"1\",\"fieldErrorMessage\":\"\",\"fieldExtra\":[],\"formHash\":\"2946d74c62e1a7953116b32f08d36b72805011a6\"}'  class='grunion-field-name-wrap grunion-field-wrap'  data-wp-init='callbacks.initializeField' data-wp-on--jetpack-form-reset='callbacks.initializeField' >\n<label\n\t\t\t\tfor='g765-imiinazwisko' class=\"grunion-field-label name\" >Imi\u0119 i nazwisko<span class=\"grunion-label-required\" aria-hidden=\"true\">(wymagane)<\/span><\/label>\n<input\n\t\t\t\t\ttype='text'\n\t\t\t\t\tname='g765-imiinazwisko'\n\t\t\t\t\tid='g765-imiinazwisko'\n\t\t\t\t\tvalue=''\n\n\t\t\t\t\tdata-wp-bind--aria-invalid='state.fieldAriaInvalid'\n\t\t\t\t\tdata-wp-bind--value='state.getFieldValue'\n\t\t\t\t\taria-describedby='g765-imiinazwisko-text-error-message'\n\t\t\t\t\tdata-wp-on--input='actions.onFieldChange'\n\t\t\t\t\tdata-wp-on--blur='actions.onFieldBlur'\n\t\t\t\t\tdata-wp-class--has-value='state.hasFieldValue'\n\n\t\t\t\t\tclass='name  grunion-field' \n\t\t\t\t\trequired='true' aria-required='true'  \/>\n \n\t\t\t<div id=\"g765-imiinazwisko-text-error\" class=\"contact-form__input-error\" data-wp-class--has-errors=\"state.fieldHasErrors\">\n\t\t\t\t<span class=\"contact-form__warning-icon\" aria-hidden=\"true\">\n\t\t\t\t\t<svg width=\"16\" height=\"16\" viewBox=\"0 0 16 16\" fill=\"none\" xmlns=\"http:\/\/www.w3.org\/2000\/svg\">\n\t\t\t\t\t\t<path d=\"M8.50015 11.6402H7.50015V10.6402H8.50015V11.6402Z\" \/>\n\t\t\t\t\t\t<path d=\"M7.50015 9.64018H8.50015V6.30684H7.50015V9.64018Z\" \/>\n\t\t\t\t\t\t<path fill-rule=\"evenodd\" clip-rule=\"evenodd\" d=\"M6.98331 3.0947C7.42933 2.30177 8.57096 2.30177 9.01698 3.09469L13.8771 11.7349C14.3145 12.5126 13.7525 13.4735 12.8602 13.4735H3.14004C2.24774 13.4735 1.68575 12.5126 2.12321 11.7349L6.98331 3.0947ZM8.14541 3.58496C8.08169 3.47168 7.9186 3.47168 7.85488 3.58496L2.99478 12.2251C2.93229 12.3362 3.01257 12.4735 3.14004 12.4735H12.8602C12.9877 12.4735 13.068 12.3362 13.0055 12.2251L8.14541 3.58496Z\" \/>\n\t\t\t\t\t<\/svg>\n\t\t\t\t<\/span>\n\t\t\t\t<span data-wp-text=\"state.errorMessage\" id=\"g765-imiinazwisko-text-error-message\"><\/span>\n\t\t\t<\/div> \n\t<\/div>\n\n<div style=\"\"  data-wp-interactive=\"jetpack\/form\" data-wp-context='{\"fieldId\":\"g765-adresemail\",\"fieldType\":\"email\",\"fieldLabel\":\"Adres e-mail\",\"fieldValue\":\"\",\"fieldPlaceholder\":\"\",\"fieldIsRequired\":\"1\",\"fieldErrorMessage\":\"\",\"fieldExtra\":[],\"formHash\":\"2946d74c62e1a7953116b32f08d36b72805011a6\"}'  class='grunion-field-email-wrap grunion-field-wrap'  data-wp-init='callbacks.initializeField' data-wp-on--jetpack-form-reset='callbacks.initializeField' >\n<label\n\t\t\t\tfor='g765-adresemail' class=\"grunion-field-label email\" >Adres e-mail<span class=\"grunion-label-required\" aria-hidden=\"true\">(wymagane)<\/span><\/label>\n<input\n\t\t\t\t\ttype='email'\n\t\t\t\t\tname='g765-adresemail'\n\t\t\t\t\tid='g765-adresemail'\n\t\t\t\t\tvalue=''\n\n\t\t\t\t\tdata-wp-bind--aria-invalid='state.fieldAriaInvalid'\n\t\t\t\t\tdata-wp-bind--value='state.getFieldValue'\n\t\t\t\t\taria-describedby='g765-adresemail-email-error-message'\n\t\t\t\t\tdata-wp-on--input='actions.onFieldChange'\n\t\t\t\t\tdata-wp-on--blur='actions.onFieldBlur'\n\t\t\t\t\tdata-wp-class--has-value='state.hasFieldValue'\n\n\t\t\t\t\tclass='email  grunion-field' \n\t\t\t\t\trequired='true' aria-required='true'  \/>\n \n\t\t\t<div id=\"g765-adresemail-email-error\" class=\"contact-form__input-error\" data-wp-class--has-errors=\"state.fieldHasErrors\">\n\t\t\t\t<span class=\"contact-form__warning-icon\" aria-hidden=\"true\">\n\t\t\t\t\t<svg width=\"16\" height=\"16\" viewBox=\"0 0 16 16\" fill=\"none\" xmlns=\"http:\/\/www.w3.org\/2000\/svg\">\n\t\t\t\t\t\t<path d=\"M8.50015 11.6402H7.50015V10.6402H8.50015V11.6402Z\" \/>\n\t\t\t\t\t\t<path d=\"M7.50015 9.64018H8.50015V6.30684H7.50015V9.64018Z\" \/>\n\t\t\t\t\t\t<path fill-rule=\"evenodd\" clip-rule=\"evenodd\" d=\"M6.98331 3.0947C7.42933 2.30177 8.57096 2.30177 9.01698 3.09469L13.8771 11.7349C14.3145 12.5126 13.7525 13.4735 12.8602 13.4735H3.14004C2.24774 13.4735 1.68575 12.5126 2.12321 11.7349L6.98331 3.0947ZM8.14541 3.58496C8.08169 3.47168 7.9186 3.47168 7.85488 3.58496L2.99478 12.2251C2.93229 12.3362 3.01257 12.4735 3.14004 12.4735H12.8602C12.9877 12.4735 13.068 12.3362 13.0055 12.2251L8.14541 3.58496Z\" \/>\n\t\t\t\t\t<\/svg>\n\t\t\t\t<\/span>\n\t\t\t\t<span data-wp-text=\"state.errorMessage\" id=\"g765-adresemail-email-error-message\"><\/span>\n\t\t\t<\/div> \n\t<\/div>\n\n<div style=\"\"  data-wp-interactive=\"jetpack\/form\" data-wp-context='{\"fieldId\":\"g765-adresstronywwwopcjonalne\",\"fieldType\":\"url\",\"fieldLabel\":\"Adres strony WWW (opcjonalne)\",\"fieldValue\":\"\",\"fieldPlaceholder\":\"\",\"fieldIsRequired\":\"\",\"fieldErrorMessage\":\"\",\"fieldExtra\":[],\"formHash\":\"2946d74c62e1a7953116b32f08d36b72805011a6\"}'  class='grunion-field-url-wrap grunion-field-wrap'  data-wp-init='callbacks.initializeField' data-wp-on--jetpack-form-reset='callbacks.initializeField' >\n<label\n\t\t\t\tfor='g765-adresstronywwwopcjonalne' class=\"grunion-field-label url\" >Adres strony WWW (opcjonalne)<\/label>\n<input\n\t\t\t\t\ttype='text'\n\t\t\t\t\tname='g765-adresstronywwwopcjonalne'\n\t\t\t\t\tid='g765-adresstronywwwopcjonalne'\n\t\t\t\t\tvalue=''\n\n\t\t\t\t\tdata-wp-bind--aria-invalid='state.fieldAriaInvalid'\n\t\t\t\t\tdata-wp-bind--value='state.getFieldValue'\n\t\t\t\t\taria-describedby='g765-adresstronywwwopcjonalne-text-error-message'\n\t\t\t\t\tdata-wp-on--input='actions.onFieldChange'\n\t\t\t\t\tdata-wp-on--blur='actions.onFieldBlur'\n\t\t\t\t\tdata-wp-class--has-value='state.hasFieldValue'\n\n\t\t\t\t\tclass='url  grunion-field' \n\t\t\t\t\t \/>\n \n\t\t\t<div id=\"g765-adresstronywwwopcjonalne-text-error\" class=\"contact-form__input-error\" data-wp-class--has-errors=\"state.fieldHasErrors\">\n\t\t\t\t<span class=\"contact-form__warning-icon\" aria-hidden=\"true\">\n\t\t\t\t\t<svg width=\"16\" height=\"16\" viewBox=\"0 0 16 16\" fill=\"none\" xmlns=\"http:\/\/www.w3.org\/2000\/svg\">\n\t\t\t\t\t\t<path d=\"M8.50015 11.6402H7.50015V10.6402H8.50015V11.6402Z\" \/>\n\t\t\t\t\t\t<path d=\"M7.50015 9.64018H8.50015V6.30684H7.50015V9.64018Z\" \/>\n\t\t\t\t\t\t<path fill-rule=\"evenodd\" clip-rule=\"evenodd\" d=\"M6.98331 3.0947C7.42933 2.30177 8.57096 2.30177 9.01698 3.09469L13.8771 11.7349C14.3145 12.5126 13.7525 13.4735 12.8602 13.4735H3.14004C2.24774 13.4735 1.68575 12.5126 2.12321 11.7349L6.98331 3.0947ZM8.14541 3.58496C8.08169 3.47168 7.9186 3.47168 7.85488 3.58496L2.99478 12.2251C2.93229 12.3362 3.01257 12.4735 3.14004 12.4735H12.8602C12.9877 12.4735 13.068 12.3362 13.0055 12.2251L8.14541 3.58496Z\" \/>\n\t\t\t\t\t<\/svg>\n\t\t\t\t<\/span>\n\t\t\t\t<span data-wp-text=\"state.errorMessage\" id=\"g765-adresstronywwwopcjonalne-text-error-message\"><\/span>\n\t\t\t<\/div> \n\t<\/div>\n\n<div style=\"\"  data-wp-interactive=\"jetpack\/form\" data-wp-context='{\"fieldId\":\"g765-komentarz\",\"fieldType\":\"textarea\",\"fieldLabel\":\"Komentarz\",\"fieldValue\":\"\",\"fieldPlaceholder\":\"\",\"fieldIsRequired\":\"1\",\"fieldErrorMessage\":\"\",\"fieldExtra\":[],\"formHash\":\"2946d74c62e1a7953116b32f08d36b72805011a6\"}'  class='grunion-field-textarea-wrap grunion-field-wrap'  data-wp-init='callbacks.initializeField' data-wp-on--jetpack-form-reset='callbacks.initializeField' >\n<label\n\t\t\t\tfor='contact-form-comment-g765-komentarz' class=\"grunion-field-label textarea\" >Komentarz<span class=\"grunion-label-required\" aria-hidden=\"true\">(wymagane)<\/span><\/label>\n<textarea\n\t\t                style=''\n\t\t                name='g765-komentarz'\n\t\t                id='contact-form-comment-g765-komentarz'\n\t\t                rows='20'\n\t\t\t\t\t\tdata-wp-text='state.getFieldValue'\n\t\t\t\t\t\tdata-wp-on--input='actions.onFieldChange'\n\t\t\t\t\t\tdata-wp-on--blur='actions.onFieldBlur'\n\t\t\t\t\t\tdata-wp-class--has-value='state.hasFieldValue'\n\t\t\t\t\t\taria-describedby='g765-komentarz-textarea-error-message'\n\t\t\t\t\t\tdata-wp-bind--aria-invalid='state.fieldAriaInvalid'\n\t\t\t\t\t\tclass='textarea  grunion-field'  required aria-required='true'><\/textarea>\n \n\t\t\t<div id=\"g765-komentarz-textarea-error\" class=\"contact-form__input-error\" data-wp-class--has-errors=\"state.fieldHasErrors\">\n\t\t\t\t<span class=\"contact-form__warning-icon\" aria-hidden=\"true\">\n\t\t\t\t\t<svg width=\"16\" height=\"16\" viewBox=\"0 0 16 16\" fill=\"none\" xmlns=\"http:\/\/www.w3.org\/2000\/svg\">\n\t\t\t\t\t\t<path d=\"M8.50015 11.6402H7.50015V10.6402H8.50015V11.6402Z\" \/>\n\t\t\t\t\t\t<path d=\"M7.50015 9.64018H8.50015V6.30684H7.50015V9.64018Z\" \/>\n\t\t\t\t\t\t<path fill-rule=\"evenodd\" clip-rule=\"evenodd\" d=\"M6.98331 3.0947C7.42933 2.30177 8.57096 2.30177 9.01698 3.09469L13.8771 11.7349C14.3145 12.5126 13.7525 13.4735 12.8602 13.4735H3.14004C2.24774 13.4735 1.68575 12.5126 2.12321 11.7349L6.98331 3.0947ZM8.14541 3.58496C8.08169 3.47168 7.9186 3.47168 7.85488 3.58496L2.99478 12.2251C2.93229 12.3362 3.01257 12.4735 3.14004 12.4735H12.8602C12.9877 12.4735 13.068 12.3362 13.0055 12.2251L8.14541 3.58496Z\" \/>\n\t\t\t\t\t<\/svg>\n\t\t\t\t<\/span>\n\t\t\t\t<span data-wp-text=\"state.errorMessage\" id=\"g765-komentarz-textarea-error-message\"><\/span>\n\t\t\t<\/div>\n\t<\/div>\n\t<p class='contact-submit'>\n<div class=\"contact-form__error\" data-wp-class--show-errors=\"state.showFormErrors\"><span class=\"contact-form__warning-icon\" aria-hidden=\"true\"><i><\/i><\/span><span class=\"contact-form__error-message\" tabindex=\"-1\" data-wp-watch=\"callbacks.focusOnValidationError\" data-wp-text=\"state.getFormErrorMessage\"><\/span><ul aria-label=\"Form errors\">\n\t\t\t\t<template data-wp-each=\"state.getErrorList\" data-wp-key=\"context.item.id\">\n\t\t\t\t\t<li><a data-wp-bind--href=\"context.item.anchor\" data-wp-on--click=\"actions.scrollIntoView\" data-wp-text=\"context.item.label\"><\/a><\/li>\n\t\t\t\t<\/template>\n\t\t\t\t<\/ul><\/div><div class=\"contact-form__error\" data-wp-class--show-errors=\"state.showSubmissionError\" data-wp-text=\"context.submissionError\" tabindex=\"-1\" data-wp-watch=\"callbacks.focusOnSubmissionError\"><\/div>\t\t<button type='submit' class='pushbutton-wide'>Wy\u015blij<\/button>\t\t<input type='hidden' name='contact-form-id' value='765' \/>\n\t\t<input type='hidden' name='action' value='grunion-contact-form' \/>\n\t\t<input type='hidden' name='contact-form-hash' value='2946d74c62e1a7953116b32f08d36b72805011a6' \/>\n\t<\/p>\n<p style=\"display: none !important;\" class=\"akismet-fields-container\" data-prefix=\"ak_\"><label>&#916;<textarea name=\"ak_hp_textarea\" cols=\"45\" rows=\"8\" maxlength=\"100\"><\/textarea><\/label><input type=\"hidden\" id=\"ak_js_1\" name=\"ak_js\" value=\"69\"\/><script>\ndocument.getElementById( \"ak_js_1\" ).setAttribute( \"value\", ( new Date() ).getTime() );\n<\/script>\n<\/p><\/form>\n<\/div>\n","protected":false},"excerpt":{"rendered":"<p>PRZECZYTAJ, ZANIM WY\u015aLESZ WIADOMO\u015a\u0106! Ten formularz s\u0142u\u017cy do kontaktu z t\u0142umaczami WordPressa (oprogramowania do tworzenia stron WWW) na polski. Osoby te nie zajmuj\u0105 si\u0119 udzielaniem pomocy technicznej ani nie odpowiadaj\u0105 za tre\u015b\u0107 stron stworzonych przy pomocy WordPressa. Je\u015bli potrzebujesz pomocy z kt\u00f3r\u0105\u015b z tych rzeczy, u\u017cyj jednego z poni\u017cszych odno\u015bnik\u00f3w. Potrzebujesz pomocy? Zadaj swoje pytanie [&hellip;]<\/p>\n","protected":false},"author":1056644,"featured_media":0,"parent":0,"menu_order":0,"comment_status":"closed","ping_status":"closed","template":"","meta":{"_crdt_document":"","jetpack_post_was_ever_published":false,"footnotes":""},"class_list":["post-765","page","type-page","status-publish","hentry"],"jetpack_sharing_enabled":true,"_links":{"self":[{"href":"https:\/\/pl.wordpress.org\/wp-json\/wp\/v2\/pages\/765","targetHints":{"allow":["GET"]}}],"collection":[{"href":"https:\/\/pl.wordpress.org\/wp-json\/wp\/v2\/pages"}],"about":[{"href":"https:\/\/pl.wordpress.org\/wp-json\/wp\/v2\/types\/page"}],"author":[{"embeddable":true,"href":"https:\/\/pl.wordpress.org\/wp-json\/wp\/v2\/users\/1056644"}],"replies":[{"embeddable":true,"href":"https:\/\/pl.wordpress.org\/wp-json\/wp\/v2\/comments?post=765"}],"version-history":[{"count":11,"href":"https:\/\/pl.wordpress.org\/wp-json\/wp\/v2\/pages\/765\/revisions"}],"predecessor-version":[{"id":4006,"href":"https:\/\/pl.wordpress.org\/wp-json\/wp\/v2\/pages\/765\/revisions\/4006"}],"wp:attachment":[{"href":"https:\/\/pl.wordpress.org\/wp-json\/wp\/v2\/media?parent=765"}],"curies":[{"name":"wp","href":"https:\/\/api.w.org\/{rel}","templated":true}]}}