{"id":120,"date":"2019-04-11T11:36:43","date_gmt":"2019-04-11T11:36:43","guid":{"rendered":"https:\/\/pt-ao.wordpress.org\/?page_id=120"},"modified":"2023-12-11T11:07:46","modified_gmt":"2023-12-11T11:07:46","slug":"contacto","status":"publish","type":"page","link":"https:\/\/pt-ao.wordpress.org\/contacto\/","title":{"rendered":"Contacto"},"content":{"rendered":"\n<p class=\"has-cyan-bluish-gray-background-color has-background wp-block-paragraph\"><strong>Essa p\u00e1gina \u00e9 mais uma p\u00e1gina de refer\u00eancia do que uma p\u00e1gina de contato para caso  algu\u00e9m desejar entrar em contato com o WordPress em Angola<\/strong><\/p>\n\n\n\n<h3 class=\"wp-block-heading\">Perguntas sobre sites WordPress.org<\/h3>\n\n\n\n<p class=\"wp-block-paragraph\">A partir do momento em que voc\u00ea fez o download do WordPress, a responsabilidade final por sua opera\u00e7\u00e3o est\u00e1 com voc\u00ea e\/ou seu organizador.&nbsp;Em termos concretos, isso significa que n\u00e3o podemos ajud\u00e1-lo com as seguintes perguntas:<\/p>\n\n\n\n<ul class=\"wp-block-list\">\n<li>Senhas perdidas (pergunte ao seu hoster)<\/li>\n\n\n\n<li>Quando seu conte\u00fado \u00e9 copiado ilegalmente (entre em contato com o site relevante)<\/li>\n\n\n\n<li>Quando algu\u00e9m comete difama\u00e7\u00e3o (em casos desagrad\u00e1veis, ir \u00e0 pol\u00edcia \u00e9 a melhor solu\u00e7\u00e3o)<\/li>\n\n\n\n<li>Voc\u00ea tem d\u00favidas sobre o software e como o WordPress <strong>org<\/strong> funciona?&nbsp;, algo est\u00e1 errado ou voc\u00ea est\u00e1 procurando uma solu\u00e7\u00e3o para o seu problema?&nbsp;Ent\u00e3o o&nbsp;&nbsp;<a href=\"https:\/\/pt-ao.wordpress.org\/support\">f\u00f3rum <\/a>&nbsp;\u00e9&nbsp;o lugar certo.<\/li>\n<\/ul>\n\n\n\n<p class=\"wp-block-paragraph\"><strong>Voc\u00ea pode fazer perguntas e relatar problemas sobre o software baixado do WordPress.org no&nbsp;<a href=\"https:\/\/pt-ao.wordpress.org\/support\/forums\/\"> f\u00f3rum<\/a>&nbsp;.<\/strong><\/p>\n\n\n\n<h3 class=\"wp-block-heading\">Voc\u00ea tem um site no WordPress.com?<\/h3>\n\n\n\n<p class=\"wp-block-paragraph\"><strong>Infelizmente n\u00f3s aqui&nbsp;<em>n\u00e3o<\/em> pudemos&nbsp;ajudar.&nbsp;WordPress.com<\/strong>&nbsp;\u00e9 um servi\u00e7o da empresa Automattic.&nbsp;Estamos preocupados apenas com a organiza\u00e7\u00e3o da vers\u00e3o do WordPress que voc\u00ea pode baixar e instalar sozinho.&nbsp;Se voc\u00ea tiver d\u00favidas sobre sites que fazem parte do WordPress.com, voc\u00ea pode public\u00e1-los aqui:<\/p>\n\n\n\n<ul class=\"wp-block-list\">\n<li>Para perguntas sobre o WordPress.com, voc\u00ea deve estar aqui:&nbsp;<a href=\"http:\/\/nl.forums.wordpress.com\/\">http:\/\/www.forums.wordpress.com\/<\/a><\/li>\n\n\n\n<li>Queixas gerais etc. podem ser pedidas aqui:&nbsp;<a href=\"http:\/\/en.wordpress.com\/abuse\/\">http:\/\/en.wordpress.com\/abuse\/<\/a><\/li>\n<\/ul>\n\n\n\n<h3 class=\"wp-block-heading\">M\u00eddias Sociais<\/h3>\n\n\n\n<p class=\"wp-block-paragraph\">\u00c9 claro que tamb\u00e9m podemos ser encontrados em v\u00e1rios canais de m\u00eddia social, mas voc\u00ea precisa estar em nosso&nbsp;<a href=\"https:\/\/pt-ao.wordpress.org\/support\/forums\/\">f\u00f3rum<\/a>&nbsp;para suporte&nbsp;.<\/p>\n\n\n\n<ul class=\"wp-block-list\">\n<li><a href=\"https:\/\/x.com\/AngolaWordpress\">X<\/a><\/li>\n\n\n\n<li><a href=\"http:\/\/www.facebook.com\/comunidadeWPA\">Facebook<\/a><\/li>\n\n\n\n<li><a href=\"https:\/\/instagram.com\/wordpressangola\">Instagram<\/a><\/li>\n<\/ul>\n\n\n\n<h4 class=\"wp-block-heading\">Outras perguntas<\/h4>\n\n\n\n<ul class=\"wp-block-list\">\n<li>Para outras perguntas, voc\u00ea pode entrar em contato com o WordPress Angola atrav\u00e9s do Twitter\u00a0<a href=\"https:\/\/x.com\/AngolaWordpress\">@WordPressAngola<\/a><\/li>\n<\/ul>\n","protected":false},"excerpt":{"rendered":"<p>Essa p\u00e1gina \u00e9 mais uma p\u00e1gina de refer\u00eancia do que uma p\u00e1gina de contato para caso algu\u00e9m desejar entrar em contato com o WordPress em Angola Perguntas sobre sites WordPress.org A partir do momento em que voc\u00ea fez o download do WordPress, a responsabilidade final por sua opera\u00e7\u00e3o est\u00e1 com voc\u00ea e\/ou seu organizador.&nbsp;Em termos [&hellip;]<\/p>\n","protected":false},"author":14309380,"featured_media":0,"parent":0,"menu_order":0,"comment_status":"closed","ping_status":"closed","template":"","meta":{"_crdt_document":"","jetpack_post_was_ever_published":false,"footnotes":""},"class_list":["post-120","page","type-page","status-publish","hentry"],"jetpack_sharing_enabled":true,"_links":{"self":[{"href":"https:\/\/pt-ao.wordpress.org\/wp-json\/wp\/v2\/pages\/120","targetHints":{"allow":["GET"]}}],"collection":[{"href":"https:\/\/pt-ao.wordpress.org\/wp-json\/wp\/v2\/pages"}],"about":[{"href":"https:\/\/pt-ao.wordpress.org\/wp-json\/wp\/v2\/types\/page"}],"author":[{"embeddable":true,"href":"https:\/\/pt-ao.wordpress.org\/wp-json\/wp\/v2\/users\/14309380"}],"replies":[{"embeddable":true,"href":"https:\/\/pt-ao.wordpress.org\/wp-json\/wp\/v2\/comments?post=120"}],"version-history":[{"count":7,"href":"https:\/\/pt-ao.wordpress.org\/wp-json\/wp\/v2\/pages\/120\/revisions"}],"predecessor-version":[{"id":387,"href":"https:\/\/pt-ao.wordpress.org\/wp-json\/wp\/v2\/pages\/120\/revisions\/387"}],"wp:attachment":[{"href":"https:\/\/pt-ao.wordpress.org\/wp-json\/wp\/v2\/media?parent=120"}],"curies":[{"name":"wp","href":"https:\/\/api.w.org\/{rel}","templated":true}]}}